{"id":17974,"date":"2023-12-05T02:35:35","date_gmt":"2023-12-05T10:35:35","guid":{"rendered":"https:\/\/real.cannabis.ca.gov\/the-weeds\/"},"modified":"2025-02-24T09:40:41","modified_gmt":"2025-02-24T17:40:41","slug":"the-weeds","status":"publish","type":"page","link":"https:\/\/real.cannabis.ca.gov\/es\/the-weeds\/","title":{"rendered":"The Weeds"},"content":{"rendered":"<section data-block=\"true\" class=\"section--hero grid-half hero-height min-h-viewscreen\"\n  aria-label=\"Hay que ser Real\" \n  id=\"hay-que-ser-real\"\n  >\n      <div class=\"bg-sativa mobile-first\">\n          <div class=\"self-center\"><div data-repeater=\"false\" class=\"partial-copy text-left space-y-inner\">\n  <p class=\"eyebrow\" >\n    Antecedentes\n  <\/p>  <h1 class=\"display display-1\" >\n    Hay que ser <span class=\"font-serif\">Real<\/span>\n  <\/h1>  <p class=\"subhead\" >\n    La relaci\u00f3n de California con el cannabis es tan legendaria como compleja. Pero comprender nuestro pasado es clave para crear un mejor futuro.\n  <\/p><\/div><\/div>\n      <\/div>\n  <div class=\"bg-indica\">\n          <img loading=\"lazy\" decoding=\"async\" width=\"1280\" height=\"1570\" src=\"https:\/\/real.cannabis.ca.gov\/app\/uploads\/2024\/01\/IMG-Content-1280x1570-06.jpg\" class=\"w-full rounded-image\" alt=\"A cannabis cultivator trims young plants in a greenhouse\" srcset=\"https:\/\/real.cannabis.ca.gov\/app\/uploads\/2024\/01\/IMG-Content-1280x1570-06.jpg 1280w, https:\/\/real.cannabis.ca.gov\/app\/uploads\/2024\/01\/IMG-Content-1280x1570-06-571x700.jpg 571w, https:\/\/real.cannabis.ca.gov\/app\/uploads\/2024\/01\/IMG-Content-1280x1570-06-1141x1400.jpg 1141w, https:\/\/real.cannabis.ca.gov\/app\/uploads\/2024\/01\/IMG-Content-1280x1570-06-768x942.jpg 768w, https:\/\/real.cannabis.ca.gov\/app\/uploads\/2024\/01\/IMG-Content-1280x1570-06-1252x1536.jpg 1252w\" sizes=\"auto, (max-width: 1280px) 100vw, 1280px\" \/>      <\/div>\n  \n<\/section>\n\n\n<section class=\"section--two-column grid-half\" \n  aria-label=\"La Propuesta 64 legaliz\u00f3 el cannabis\" \n  id=\"la-propuesta-64-legalizo-el-cannabis\"\n>\n  <div class=\"bg-kief\">\n          <img loading=\"lazy\" decoding=\"async\" width=\"1280\" height=\"1570\" src=\"https:\/\/real.cannabis.ca.gov\/app\/uploads\/2024\/01\/IMG-Content-1280x1570-07.jpg\" class=\"w-full rounded-image\" alt=\"Close-up photo of a cannabis flower on the plant\" srcset=\"https:\/\/real.cannabis.ca.gov\/app\/uploads\/2024\/01\/IMG-Content-1280x1570-07.jpg 1280w, https:\/\/real.cannabis.ca.gov\/app\/uploads\/2024\/01\/IMG-Content-1280x1570-07-571x700.jpg 571w, https:\/\/real.cannabis.ca.gov\/app\/uploads\/2024\/01\/IMG-Content-1280x1570-07-1141x1400.jpg 1141w, https:\/\/real.cannabis.ca.gov\/app\/uploads\/2024\/01\/IMG-Content-1280x1570-07-768x942.jpg 768w, https:\/\/real.cannabis.ca.gov\/app\/uploads\/2024\/01\/IMG-Content-1280x1570-07-1252x1536.jpg 1252w\" sizes=\"auto, (max-width: 1280px) 100vw, 1280px\" \/>      <\/div>\n  <div class=\"bg-kief mobile-first\">\n          <div class=\"self-center\"><div data-repeater=\"false\" class=\"partial-copy text-right space-y-inner\">\n  <p class=\"eyebrow\" >\n    Antecedentes jur\u00eddicos\n  <\/p>  <h2 class=\"display display-2\" >\n    La Propuesta 64 legaliz\u00f3 el cannabis\n  <\/h2> \n  <div class=\"partial-copy--lead-copy\">\n          <p class=\"partial-copy--lead\">Pero la venta de cannabis sigue siendo ilegal en la mayor parte de California<\/p>\n              <div class=\"partial-copy--copy\"><p>La Propuesta 64 se aprob\u00f3 en 2016 e inaugur\u00f3 el mercado de cannabis recreativo de California. Pero inclu\u00eda una cl\u00e1usula de &#8220;inclusi\u00f3n voluntaria&#8221; que obligaba a todos los condados y ciudades a decidir qu\u00e9 tipos de actividades cann\u00e1bicas permitir\u00edan en su jurisdicci\u00f3n. Como resultado, la mayor\u00eda de las comunidades siguen prohibiendo la venta de cannabis al menudeo. Eso significa que los establecimientos no autorizados son la \u00fanica opci\u00f3n en la mayor\u00eda de los lugares; sin que est\u00e9n conscientes de ello, la mayor\u00eda de las personas supone que la Propuesta 64 legaliz\u00f3 la venta de cannabis en todo el estado.<\/p>\n<\/div>\n      <\/div>\n<\/div><\/div>\n      <\/div><\/section>\n\n\n<section class=\"section section--sticky-50 grid-half bg-sativa\"\n  aria-label=\"\u00bfQu\u00e9 importancia tiene esto?\" \n  id=\"que-importancia-tiene-esto\"\n\n>\n\n  <div class=\"!justify-start items-start bg-sativa stick-50--copy lg:sticky lg:top-0 h-auto\">\n          <div>\n      <div data-repeater=\"false\" class=\"partial-copy text-left space-y-inner\">\n  <p class=\"eyebrow\" >\n    Cannabis sin licencia\n  <\/p>  <h2 class=\"display display-2\" >\n    \u00bfQu\u00e9 importancia tiene esto?\n  <\/h2> \n  <div class=\"partial-copy--lead-copy\">\n          <p class=\"partial-copy--lead\">Cannabis sin licencia y no regulado<\/p>\n              <div class=\"partial-copy--copy\"><p>Muchas personas desconocen que existen establecimientos no autorizados, mientras que otras no ven ning\u00fan problema en comprar en establecimientos de este tipo. Por desgracia, al no contar con una licencia, estos comercios no est\u00e1n obligados a cumplir ninguna de las normas dise\u00f1adas para proteger a los consumidores, trabajadores y comunidades. El Departamento de Control de Cannabis de California lanz\u00f3 la campa\u00f1a de Real CA Cannabis para apoyar a los consumidores y comercios de cannabis autorizados. La campa\u00f1a cuenta con el financiamiento proveniente de los fondos que se generan a trav\u00e9s de las ventas de cannabis en California.<\/p>\n<\/div>\n      <\/div>\n<\/div>          <\/div>      <\/div>\n  <div class=\"items-start bg-light mobile-first stick-50--items h-full\">\n          <ul class=\"list-none ml-0 flex flex-col gap-wide\">\n                  <li aria-label=\"Riesgo para los consumidores\">\n                        <span class=\"eyebrow\" >\n    01\n  <\/span>            <div data-repeater=\"false\" class=\"partial-copy text-left space-y-min\">\n  <p class=\"title mb-0\" class=\"mb-0\">\n    Riesgo para los consumidores\n  <\/p> \n  <div class=\"partial-copy--lead-copy\">\n              <div class=\"partial-copy--copy\"><p>El cannabis que se vende en establecimientos no autorizados no est\u00e1 obligado a cumplir con las normas de salud ni los requisitos de seguridad; y se sabe que contiene toxinas nocivas, moho y bacterias peligrosas. Tampoco hay forma de verificar la procedencia de estos productos ni las condiciones en que se fabricaron, ya que no se hace un seguimiento desde la semilla hasta la venta, como ocurre con el cannabis regulado.<\/p>\n<\/div>\n      <\/div>\n<\/div>          <\/li>\n                  <li aria-label=\"Riesgos ambientales\">\n                        <span class=\"eyebrow\" >\n    02\n  <\/span>            <div data-repeater=\"false\" class=\"partial-copy text-left space-y-min\">\n  <p class=\"title mb-0\" class=\"mb-0\">\n    Riesgos ambientales\n  <\/p> \n  <div class=\"partial-copy--lead-copy\">\n              <div class=\"partial-copy--copy\"><p>Los comercios de cannabis sin licencia no est\u00e1n obligados a cumplir con las normas medioambientales y se sabe que agotan recursos naturales valiosos y contaminan las reservas de agua dulce, algunas de las cuales proviene el agua potable local. Estas pr\u00e1cticas de cultivo inseguras perjudican a la fauna y ponen en peligro a las comunidades.<\/p>\n<\/div>\n      <\/div>\n<\/div>          <\/li>\n                  <li aria-label=\"Etiquetas poco confiables\">\n                        <span class=\"eyebrow\" >\n    03\n  <\/span>            <div data-repeater=\"false\" class=\"partial-copy text-left space-y-min\">\n  <p class=\"title mb-0\" class=\"mb-0\">\n    Etiquetas poco confiables\n  <\/p> \n  <div class=\"partial-copy--lead-copy\">\n              <div class=\"partial-copy--copy\"><p>La falta de pruebas oficiales del cannabis que se comercializa en los establecimientos no autorizados aumenta el riesgo de que los productos se etiqueten err\u00f3neamente con la dosis o la cepa equivocadas. Cuando compras en estos establecimientos, no hay manera de saber con seguridad lo que est\u00e1s comprando o qu\u00e9 efecto tendr\u00e1.<\/p>\n<\/div>\n      <\/div>\n<\/div>          <\/li>\n                  <li aria-label=\"Pr\u00e1cticas laborales poco \u00e9ticas\">\n                        <span class=\"eyebrow\" >\n    04\n  <\/span>            <div data-repeater=\"false\" class=\"partial-copy text-left space-y-min\">\n  <p class=\"title mb-0\" class=\"mb-0\">\n    Pr\u00e1cticas laborales poco \u00e9ticas\n  <\/p> \n  <div class=\"partial-copy--lead-copy\">\n              <div class=\"partial-copy--copy\"><p>Sin supervisi\u00f3n del Estado ni protecciones laborales oficiales, los trabajadores en las operaciones ilegales del cannabis est\u00e1n sometidos al robo de salarios y a condiciones de trabajo inseguras.<\/p>\n<\/div>\n      <\/div>\n<\/div>          <\/li>\n              <\/ul>\n          <\/div>\n<\/section>\n\n\n<section class=\"section--two-column grid-half\" \n  aria-label=\"El futuro del cannabis\" \n  id=\"el-futuro-del-cannabis\"\n>\n  <div class=\"bg-indica mobile-first\">\n          <div class=\"self-center\"><div data-repeater=\"false\" class=\"partial-copy text-left space-y-inner\">\n  <p class=\"eyebrow\" >\n    Qu\u00e9 sigue\n  <\/p>  <h2 class=\"display display-2\" >\n    El futuro del cannabis\n  <\/h2> \n  <div class=\"partial-copy--lead-copy\">\n          <p class=\"partial-copy--lead\">Creaci\u00f3n de un mercado de cannabis autorizado que funcione para todos<\/p>\n              <div class=\"partial-copy--copy\"><p>Real CA Cannabis educa a los consumidores sobre la importancia de comprar cannabis regulado en establecimientos autorizados y facilita que las personas los encuentren, pero la educaci\u00f3n por s\u00ed sola nunca ser\u00e1 suficiente. Una prioridad en todo el estado para promover el consumo seguro debe ser poder garantizar que todos los consumidores tengan acceso f\u00e1cil a los establecimientos de cannabis autorizados.<\/p>\n<\/div>\n      <\/div>\n<\/div><\/div>\n      <\/div>\n  <div class=\"bg-indica\">\n          <img loading=\"lazy\" decoding=\"async\" width=\"1280\" height=\"1570\" src=\"https:\/\/real.cannabis.ca.gov\/app\/uploads\/2025\/02\/theweeds-2.jpg\" class=\"w-full rounded-image\" alt=\"Real California Cannabis logo in white over a photo of a cannabis retailer.\" srcset=\"https:\/\/real.cannabis.ca.gov\/app\/uploads\/2025\/02\/theweeds-2.jpg 1280w, https:\/\/real.cannabis.ca.gov\/app\/uploads\/2025\/02\/theweeds-2-571x700.jpg 571w, https:\/\/real.cannabis.ca.gov\/app\/uploads\/2025\/02\/theweeds-2-1141x1400.jpg 1141w, https:\/\/real.cannabis.ca.gov\/app\/uploads\/2025\/02\/theweeds-2-768x942.jpg 768w, https:\/\/real.cannabis.ca.gov\/app\/uploads\/2025\/02\/theweeds-2-1252x1536.jpg 1252w\" sizes=\"auto, (max-width: 1280px) 100vw, 1280px\" \/>      <\/div><\/section>\n\n\n<section class=\"section--card-slider block bg-kief\"\n   aria-label=\"Historias principales\" id=\"historias-principales\"\n>\n  <div class=\" container\">\n  <div class=\"swiper swiper-card-slider\" data-controller=\"card-slider\">\n    <div class=\"grid\">\n      <div class=\"copy\">\n        <div data-repeater=\"false\" class=\"partial-copy text-left space-y-inner\">\n  <p class=\"eyebrow\" >\n    Noticias y recursos\n  <\/p>  <h2 class=\"display display-2\" >\n    Historias principales\n  <\/h2> \n  <div class=\"partial-copy--lead-copy\">\n          <p class=\"partial-copy--lead\">Un vistazo a las novedades m\u00e1s recientes<\/p>\n              <div class=\"partial-copy--copy\"><p>Echa un vistazo a algunos de los comunicados de prensa m\u00e1s recientes, los recursos y las noticias destacadas sobre Real CA Cannabis y el progreso de la industria legal del cannabis en el estado.<\/p>\n<\/div>\n      <\/div>\n<\/div>      <\/div>\n      <div class=\"swiper--pagination-navigation flex justify-self-end self-start row-start-1 col-start-2\">\n        <button class=\"custom-button-prev\" data-carousel-target=\"prev\" aria-controls=\"card-slider--431\"><span class=\"fa fa-arrow-left\" aria-label=\"\"><\/span><span class=\"sr-only\">Next slide<\/span><\/button>\n        <button class=\"custom-button-next\" data-carousel-target=\"next\" aria-controls=\"card-slider--431\"><span class=\"fa fa-arrow-right\" aria-label=\"\"><\/span><span class=\"sr-only\">Previous slide<\/span><\/button>\n      <\/div>\n    <\/div>\n          <ul class=\"swiper-wrapper cursor-grab active:cursor-grabbing mt-12 md:mt-16 \" data-card-slider-target=\"slider\" id=\"card-slider--431\">\n                  <li class=\"swiper-slide\">\n            <div class=\"component--card\" >\n\n      <a href=\"https:\/\/real.cannabis.ca.gov\/es\/illicit-marijuana-operations-having-negative-impact-on-legal-dispensaries\/\" target=\"_self\" aria-label=\"\"\n      class=\"card group card-image bg-light\"\n    >\n          <div class=\"component--card-image aspect-[860\/640]\">\n              <img loading=\"lazy\" decoding=\"async\" width=\"1284\" height=\"1098\" src=\"https:\/\/real.cannabis.ca.gov\/app\/uploads\/2024\/01\/Screenshot-2024-04-09-at-1.13.55\u202fPM-1284x1098.png\" class=\"w-full h-full object-cover transition duration-[0.420s] lg:group-hover:scale-[1.0420]\" alt=\"Still from CBS News video featuring a male and female cohosts\" \/>      <\/div>\n        <div data-repeater=\"true\" class=\"partial-copy text-stretch is-repeater space-y-inner in-card component--card-copy\">\n \n  <div class=\"partial-copy--lead-copy\">\n          <p class=\"partial-copy--lead\">Las operaciones il\u00edcitas con marihuana repercuten de forma negativa en los establecimientos legales<\/p>\n              <div class=\"partial-copy--copy\">Aunque en California est\u00e1 permitido el uso recreativo de la marihuana, operar un establecimiento de marihuana con licencia es m\u00e1s dif\u00edcil de lo que muchos pensar\u00edan, sobre todo porque las operaciones il\u00edcitas siguen avivando la fuerza del mercado negro. <\/div>\n      <\/div>\n  <p class=\"partial-copy--cta\">\n    <span class=\"button button-border button-icon\" href=\"https:\/\/real.cannabis.ca.gov\/es\/illicit-marijuana-operations-having-negative-impact-on-legal-dispensaries\/\" target=\"\" href=\"https:\/\/real.cannabis.ca.gov\/es\/illicit-marijuana-operations-having-negative-impact-on-legal-dispensaries\/\" target=\"\">\n    \n          <span class=\"img\">\n      <svg class=\"w-5 h-5\" width=\"24\" height=\"24\" viewBox=\"0 0 24 24\" fill=\"none\" xmlns=\"http:\/\/www.w3.org\/2000\/svg\">\n  <path d=\"M16.3256 16.6765C15.9351 17.067 15.9351 17.7002 16.3256 18.0907C16.7161 18.4812 17.3493 18.4812 17.7398 18.0907L22.4054 13.4251C23.1865 12.644 23.1865 11.3777 22.4054 10.5967L17.737 5.92825C17.3465 5.53773 16.7133 5.53773 16.3228 5.92825C15.9323 6.31878 15.9323 6.95194 16.3228 7.34247L19.9888 11.0085L2.01035 11.0085C1.45807 11.0085 1.01035 11.4562 1.01035 12.0085C1.01035 12.5608 1.45807 13.0085 2.01035 13.0085L19.9936 13.0085L16.3256 16.6765Z\" fill=\"currentColor\"\/>\n<\/svg>    <\/span>\n  <\/span>  <\/p>\n<\/div>\n\n      <\/a>\n  <\/div>          <\/li>\n                  <li class=\"swiper-slide\">\n            <div class=\"component--card\" >\n\n      <a href=\"https:\/\/real.cannabis.ca.gov\/es\/312-million-in-illegal-cannabis-seized\/\" target=\"_self\" aria-label=\"\"\n      class=\"card group card-image bg-light\"\n    >\n          <div class=\"component--card-image aspect-[860\/640]\">\n              <img loading=\"lazy\" decoding=\"async\" width=\"1195\" height=\"671\" src=\"https:\/\/real.cannabis.ca.gov\/app\/uploads\/2024\/01\/image008.png\" class=\"w-full h-full object-cover transition duration-[0.420s] lg:group-hover:scale-[1.0420]\" alt=\"Still from the KTVU video\" srcset=\"https:\/\/real.cannabis.ca.gov\/app\/uploads\/2024\/01\/image008.png 1195w, https:\/\/real.cannabis.ca.gov\/app\/uploads\/2024\/01\/image008-700x393.png 700w, https:\/\/real.cannabis.ca.gov\/app\/uploads\/2024\/01\/image008-768x431.png 768w\" sizes=\"auto, (max-width: 1195px) 100vw, 1195px\" \/>      <\/div>\n        <div data-repeater=\"true\" class=\"partial-copy text-stretch is-repeater space-y-inner in-card component--card-copy\">\n \n  <div class=\"partial-copy--lead-copy\">\n          <p class=\"partial-copy--lead\">Se incautaron 312 millones de d\u00f3lares de cannabis ilegal<\/p>\n              <div class=\"partial-copy--copy\">El Grupo unificado de fuerzas especiales para la aplicaci\u00f3n de la ley sobre el cannabis afirma que el a\u00f1o pasado se incautaron m\u00e1s de 312 millones de d\u00f3lares de cannabis en l\u00ednea. <\/div>\n      <\/div>\n  <p class=\"partial-copy--cta\">\n    <span class=\"button button-border button-icon\" href=\"https:\/\/real.cannabis.ca.gov\/es\/312-million-in-illegal-cannabis-seized\/\" target=\"\" href=\"https:\/\/real.cannabis.ca.gov\/es\/312-million-in-illegal-cannabis-seized\/\" target=\"\">\n    \n          <span class=\"img\">\n      <svg class=\"w-5 h-5\" width=\"24\" height=\"24\" viewBox=\"0 0 24 24\" fill=\"none\" xmlns=\"http:\/\/www.w3.org\/2000\/svg\">\n  <path d=\"M16.3256 16.6765C15.9351 17.067 15.9351 17.7002 16.3256 18.0907C16.7161 18.4812 17.3493 18.4812 17.7398 18.0907L22.4054 13.4251C23.1865 12.644 23.1865 11.3777 22.4054 10.5967L17.737 5.92825C17.3465 5.53773 16.7133 5.53773 16.3228 5.92825C15.9323 6.31878 15.9323 6.95194 16.3228 7.34247L19.9888 11.0085L2.01035 11.0085C1.45807 11.0085 1.01035 11.4562 1.01035 12.0085C1.01035 12.5608 1.45807 13.0085 2.01035 13.0085L19.9936 13.0085L16.3256 16.6765Z\" fill=\"currentColor\"\/>\n<\/svg>    <\/span>\n  <\/span>  <\/p>\n<\/div>\n\n      <\/a>\n  <\/div>          <\/li>\n                  <li class=\"swiper-slide\">\n            <div class=\"component--card\" >\n\n      <a href=\"https:\/\/real.cannabis.ca.gov\/es\/california-expands-grant-funding-for-local-cannabis-retail\/\" target=\"_self\" aria-label=\"\"\n      class=\"card group card-image bg-light\"\n    >\n          <div class=\"component--card-image aspect-[860\/640]\">\n              <img loading=\"lazy\" decoding=\"async\" width=\"1284\" height=\"856\" src=\"https:\/\/real.cannabis.ca.gov\/app\/uploads\/2023\/09\/Swell_16.jpg\" class=\"w-full h-full object-cover transition duration-[0.420s] lg:group-hover:scale-[1.0420]\" alt=\"Business owner is walking some consumers through her store.\" srcset=\"https:\/\/real.cannabis.ca.gov\/app\/uploads\/2023\/09\/Swell_16.jpg 9504w, https:\/\/real.cannabis.ca.gov\/app\/uploads\/2023\/09\/Swell_16-700x467.jpg 700w, https:\/\/real.cannabis.ca.gov\/app\/uploads\/2023\/09\/Swell_16-1400x933.jpg 1400w, https:\/\/real.cannabis.ca.gov\/app\/uploads\/2023\/09\/Swell_16-768x512.jpg 768w\" sizes=\"auto, (max-width: 1284px) 100vw, 1284px\" \/>      <\/div>\n        <div data-repeater=\"true\" class=\"partial-copy text-stretch is-repeater space-y-inner in-card component--card-copy\">\n \n  <div class=\"partial-copy--lead-copy\">\n          <p class=\"partial-copy--lead\">California ampl\u00eda el financiamiento de subvenciones para el comercio minorista de cannabis<\/p>\n              <div class=\"partial-copy--copy\">Los organismos reguladores de California est\u00e1n ampliando el acceso a las subvenciones y el financiamiento para que las ciudades y los condados establezcan programas de venta de cannabis al por menor para adultos.<\/div>\n      <\/div>\n  <p class=\"partial-copy--cta\">\n    <span class=\"button button-border button-icon\" href=\"https:\/\/real.cannabis.ca.gov\/es\/california-expands-grant-funding-for-local-cannabis-retail\/\" target=\"\" href=\"https:\/\/real.cannabis.ca.gov\/es\/california-expands-grant-funding-for-local-cannabis-retail\/\" target=\"\">\n    \n          <span class=\"img\">\n      <svg class=\"w-5 h-5\" width=\"24\" height=\"24\" viewBox=\"0 0 24 24\" fill=\"none\" xmlns=\"http:\/\/www.w3.org\/2000\/svg\">\n  <path d=\"M16.3256 16.6765C15.9351 17.067 15.9351 17.7002 16.3256 18.0907C16.7161 18.4812 17.3493 18.4812 17.7398 18.0907L22.4054 13.4251C23.1865 12.644 23.1865 11.3777 22.4054 10.5967L17.737 5.92825C17.3465 5.53773 16.7133 5.53773 16.3228 5.92825C15.9323 6.31878 15.9323 6.95194 16.3228 7.34247L19.9888 11.0085L2.01035 11.0085C1.45807 11.0085 1.01035 11.4562 1.01035 12.0085C1.01035 12.5608 1.45807 13.0085 2.01035 13.0085L19.9936 13.0085L16.3256 16.6765Z\" fill=\"currentColor\"\/>\n<\/svg>    <\/span>\n  <\/span>  <\/p>\n<\/div>\n\n      <\/a>\n  <\/div>          <\/li>\n                  <li class=\"swiper-slide\">\n            <div class=\"component--card\" >\n\n      <a href=\"https:\/\/real.cannabis.ca.gov\/es\/california-program-to-fight-illegal-cannabis-operators\/\" target=\"_self\" aria-label=\"\"\n      class=\"card group card-image bg-light\"\n    >\n          <div class=\"component--card-image aspect-[860\/640]\">\n              <img loading=\"lazy\" decoding=\"async\" width=\"1280\" height=\"720\" src=\"https:\/\/real.cannabis.ca.gov\/app\/uploads\/2023\/08\/Fresno-California-1.jpg\" class=\"w-full h-full object-cover transition duration-[0.420s] lg:group-hover:scale-[1.0420]\" alt=\"Skyline of Fresno, California\" srcset=\"https:\/\/real.cannabis.ca.gov\/app\/uploads\/2023\/08\/Fresno-California-1.jpg 1280w, https:\/\/real.cannabis.ca.gov\/app\/uploads\/2023\/08\/Fresno-California-1-700x394.jpg 700w, https:\/\/real.cannabis.ca.gov\/app\/uploads\/2023\/08\/Fresno-California-1-768x432.jpg 768w\" sizes=\"auto, (max-width: 1280px) 100vw, 1280px\" \/>      <\/div>\n        <div data-repeater=\"true\" class=\"partial-copy text-stretch is-repeater space-y-inner in-card component--card-copy\">\n \n  <div class=\"partial-copy--lead-copy\">\n          <p class=\"partial-copy--lead\">Programa de California para luchar contra los operadores ilegales de cannabis<\/p>\n              <div class=\"partial-copy--copy\">Fresno es el primer municipio que participa en un programa nuevo en California destinado a frenar la producci\u00f3n y venta ilegales de cannabis.<\/div>\n      <\/div>\n  <p class=\"partial-copy--cta\">\n    <span class=\"button button-border button-icon\" href=\"https:\/\/real.cannabis.ca.gov\/es\/california-program-to-fight-illegal-cannabis-operators\/\" target=\"\" href=\"https:\/\/real.cannabis.ca.gov\/es\/california-program-to-fight-illegal-cannabis-operators\/\" target=\"\">\n    \n          <span class=\"img\">\n      <svg class=\"w-5 h-5\" width=\"24\" height=\"24\" viewBox=\"0 0 24 24\" fill=\"none\" xmlns=\"http:\/\/www.w3.org\/2000\/svg\">\n  <path d=\"M16.3256 16.6765C15.9351 17.067 15.9351 17.7002 16.3256 18.0907C16.7161 18.4812 17.3493 18.4812 17.7398 18.0907L22.4054 13.4251C23.1865 12.644 23.1865 11.3777 22.4054 10.5967L17.737 5.92825C17.3465 5.53773 16.7133 5.53773 16.3228 5.92825C15.9323 6.31878 15.9323 6.95194 16.3228 7.34247L19.9888 11.0085L2.01035 11.0085C1.45807 11.0085 1.01035 11.4562 1.01035 12.0085C1.01035 12.5608 1.45807 13.0085 2.01035 13.0085L19.9936 13.0085L16.3256 16.6765Z\" fill=\"currentColor\"\/>\n<\/svg>    <\/span>\n  <\/span>  <\/p>\n<\/div>\n\n      <\/a>\n  <\/div>          <\/li>\n              <\/ul>\n      <\/div>\n  <\/div>\n<\/section>\n","protected":false},"excerpt":{"rendered":"","protected":false},"author":1,"featured_media":0,"parent":0,"menu_order":0,"comment_status":"closed","ping_status":"closed","template":"","meta":{"_acf_changed":false,"inline_featured_image":false,"footnotes":""},"class_list":["post-17974","page","type-page","status-publish","hentry"],"acf":[],"_links":{"self":[{"href":"https:\/\/real.cannabis.ca.gov\/es\/wp-json\/wp\/v2\/pages\/17974","targetHints":{"allow":["GET"]}}],"collection":[{"href":"https:\/\/real.cannabis.ca.gov\/es\/wp-json\/wp\/v2\/pages"}],"about":[{"href":"https:\/\/real.cannabis.ca.gov\/es\/wp-json\/wp\/v2\/types\/page"}],"author":[{"embeddable":true,"href":"https:\/\/real.cannabis.ca.gov\/es\/wp-json\/wp\/v2\/users\/1"}],"replies":[{"embeddable":true,"href":"https:\/\/real.cannabis.ca.gov\/es\/wp-json\/wp\/v2\/comments?post=17974"}],"version-history":[{"count":24,"href":"https:\/\/real.cannabis.ca.gov\/es\/wp-json\/wp\/v2\/pages\/17974\/revisions"}],"predecessor-version":[{"id":21700,"href":"https:\/\/real.cannabis.ca.gov\/es\/wp-json\/wp\/v2\/pages\/17974\/revisions\/21700"}],"wp:attachment":[{"href":"https:\/\/real.cannabis.ca.gov\/es\/wp-json\/wp\/v2\/media?parent=17974"}],"curies":[{"name":"wp","href":"https:\/\/api.w.org\/{rel}","templated":true}]}}