{"id":17967,"date":"2023-08-29T15:42:33","date_gmt":"2023-08-29T22:42:33","guid":{"rendered":"https:\/\/real.cannabis.ca.gov\/conditions-of-use\/"},"modified":"2024-08-05T16:34:13","modified_gmt":"2024-08-05T23:34:13","slug":"condiciones-de-uso","status":"publish","type":"page","link":"https:\/\/real.cannabis.ca.gov\/es\/condiciones-de-uso\/","title":{"rendered":"Condiciones de uso"},"content":{"rendered":"\n<h2 class=\"wp-block-heading\" class=\"wp-block-heading\" id=\"politica-de-uso\">Pol\u00edtica de uso<\/h2>\n\n<p>Gracias por visitar el sitio web del Estado de California y revisar nuestra Pol\u00edtica de uso. De igual manera, debes saber que el Estado cuenta con una Pol\u00edtica de privacidad, tambi\u00e9n disponible en este sitio web. El Estado desea que conozcas sobre la recopilaci\u00f3n, el uso, la seguridad y el acceso a la informaci\u00f3n que puede obtenerse mediante el uso del portal web del Estado. Al visitar este sitio web, aceptas las pol\u00edticas y pr\u00e1cticas descritas en este Aviso. Este Aviso abarca los siguientes temas: <\/p>\n\n<p>Informaci\u00f3n personal y opciones<br\/>Aviso especial sobre los ni\u00f1os<br\/>Informaci\u00f3n recopilada y su uso<br\/>\u00bfQu\u00e9 ocurre con la informaci\u00f3n que nos env\u00edas?<br\/>Uso de la informaci\u00f3n del formulario de solicitud de ayuda por internet<br\/>Encuestas<br\/>Si nos env\u00edas un correo electr\u00f3nico<br\/>Difusi\u00f3n p\u00fablica<br\/>Recopilaci\u00f3n autom\u00e1tica de informaci\u00f3n\/cookies<br\/>Seguridad<br\/>Enlaces a otros sitios web<br\/>Limitaci\u00f3n de responsabilidad<br\/>Propiedad<\/p>\n\n<p>Ten en cuenta que esta Pol\u00edtica de uso est\u00e1 sujeta a cambios sin previo aviso y que refleja las pr\u00e1cticas comerciales actuales del Estado. Esta pol\u00edtica de Uso tiene fecha del 7 de diciembre de 2000.<\/p>\n\n<p>Ten en cuenta tambi\u00e9n que cada departamento dentro del Estado puede tener pol\u00edticas adicionales de privacidad y uso espec\u00edficas seg\u00fan la misi\u00f3n y las necesidades de su trabajo. Aseg\u00farate de revisar estas pol\u00edticas cuando accedas a otros sitios dentro del Estado.<\/p>\n\n<h3 class=\"wp-block-heading\" class=\"wp-block-heading\" id=\"informacion-personal-y-opciones\">Informaci\u00f3n personal y opciones<\/h3>\n\n<p>&#8220;Informaci\u00f3n personal&#8221; se refiere a la informaci\u00f3n sobre una persona f\u00edsica que identifica o describe a un individuo, que incluye, entre otros, su nombre, n\u00famero de seguridad social, descripci\u00f3n f\u00edsica, domicilio, n\u00famero de tel\u00e9fono particular, educaci\u00f3n, asuntos financieros y antecedentes m\u00e9dicos o laborales, que se pueden identificar con facilidad con dicha persona en particular. El nombre de un dominio o una direcci\u00f3n de Protocolo de Internet no se considera informaci\u00f3n personal; sin embargo, se considera &#8220;informaci\u00f3n personal recopilada de manera electr\u00f3nica&#8221;.<\/p>\n\n<p>De acuerdo con el art\u00edculo 11015.5. del C\u00f3digo de Gobierno, por &#8220;informaci\u00f3n personal recopilada de manera electr\u00f3nica&#8221; se entiende cualquier tipo de informaci\u00f3n que conserve un organismo que identifique o describa a un usuario individual, incluidos, entre otros, su nombre, n\u00famero de seguridad social, descripci\u00f3n f\u00edsica, domicilio, n\u00famero de tel\u00e9fono particular, educaci\u00f3n, asuntos financieros, antecedentes m\u00e9dicos o laborales, contrase\u00f1a, direcci\u00f3n de correo electr\u00f3nico, y la informaci\u00f3n que revele cualquier ubicaci\u00f3n o identidad en la red, pero excluye cualquier informaci\u00f3n enviada de forma manual a una agencia estatal por parte de un usuario, ya sea de manera electr\u00f3nica o por escrito, y la informaci\u00f3n sobre o relativa a personas que sean usuarios, que act\u00faen en calidad de negocios, incluidos, entre otros, los propietarios de negocios, los funcionarios o los directores de dichos negocios.<\/p>\n\n<p>En la &#8220;Informaci\u00f3n personal recopilada de manera electr\u00f3nica&#8221; que reunimos de manera autom\u00e1tica se incluye tu dominio o direcci\u00f3n de Protocolo de Internet, e informaci\u00f3n estad\u00edstica sobre las p\u00e1ginas web que visitas. Si participas de manera voluntaria en una actividad en la que se te solicita informaci\u00f3n espec\u00edfica (por ejemplo, completar una solicitud de ayuda, personalizar el contenido del sitio web, enviar un correo electr\u00f3nico o participar en una encuesta), se recopilar\u00e1n datos m\u00e1s detallados. Si decides no participar en estas actividades, tu elecci\u00f3n no afectar\u00e1 en modo alguno tu capacidad para utilizar cualquier otra funci\u00f3n del sitio web.<\/p>\n\n<p>Si en el sitio web se solicita alg\u00fan tipo de informaci\u00f3n personal o el usuario la facilita de manera voluntaria, la legislaci\u00f3n estatal, incluida la Ley de Pr\u00e1cticas de Informaci\u00f3n de 1977, art\u00edculo 11015.5. del C\u00f3digo de Gobierno y la Ley Federal de Privacidad de 1974 pueden protegerla. Sin embargo, esta informaci\u00f3n puede convertirse en un registro p\u00fablico una vez que la proporcionas, y puede estar sujeta a inspecci\u00f3n p\u00fablica y copia si no est\u00e1 protegida de otro modo por la Ley federal o estatal.<\/p>\n\n<p>Adem\u00e1s, los departamentos y agencias del Estado de California bajo la autoridad del Gobernador est\u00e1n obligados a apegarse a la Pol\u00edtica de Privacidad a la que tambi\u00e9n se puede tener acceso en este sitio web.<\/p>\n\n<h3 class=\"wp-block-heading\" class=\"wp-block-heading\" id=\"aviso-especial-sobre-los-ninos\">Aviso especial sobre los ni\u00f1os <\/h3>\n\n<p>Los ni\u00f1os no pueden utilizar servicios que requieran el env\u00edo de informaci\u00f3n personal, y exigimos que los menores de edad (de menos de 18 a\u00f1os) no nos env\u00eden ninguna informaci\u00f3n personal. Esto incluye el env\u00edo de informaci\u00f3n personal al Estado como parte de un perfil de usuario o de personalizaci\u00f3n. Si eres menor de edad, solo podr\u00e1s utilizar estos servicios junto con tus padres o tutores. Si eres menor de edad, debes pedir consejo a tus padres.<\/p>\n\n<p>Si el Estado decide comenzar a recopilar informaci\u00f3n personal de los ni\u00f1os, notificar\u00e1 a los padres que se est\u00e1 solicitando, revelar\u00e1 los motivos para recopilarla y dar\u00e1 a conocer el uso que pretendemos darle. El Estado solicitar\u00e1 el consentimiento de los padres antes de reunir cualquier tipo de informaci\u00f3n personal identificatoria. De ser as\u00ed, los padres pueden solicitar informaci\u00f3n sobre el tipo de datos que se recopilen, ver la informaci\u00f3n de su hijo y, si lo desean, prohibir al Estado que siga utilizando la informaci\u00f3n de su hijo. El Estado no facilitar\u00e1 a terceros informaci\u00f3n personal sobre menores.<\/p>\n\n<h3 class=\"wp-block-heading\" class=\"wp-block-heading\" id=\"informacion-recopilada-y-su-uso\">Informaci\u00f3n recopilada y su uso<\/h3>\n\n<p>Reunimos informaci\u00f3n personal directamente de las personas que se ofrecen como voluntarias para usar algunos de nuestros servicios. La recopilaci\u00f3n de esta informaci\u00f3n es necesaria para prestar los servicios espec\u00edficos, pero el uso de estos servicios es voluntario.<\/p>\n\n<p>La informaci\u00f3n que recopilamos o almacenamos de manera autom\u00e1tica se utiliza para mejorar el contenido de nuestros servicios web y para ayudarnos a comprender de qu\u00e9 manera la gente usa nuestros servicios. Esta informaci\u00f3n no te identifica a ti de manera personal y se usa para recopilar estad\u00edsticas del sitio web. La informaci\u00f3n que reunimos y almacenamos de manera autom\u00e1tica en nuestros registros sobre tu visita nos ayuda a analizar nuestro sitio web para mejorar constantemente la calidad de los materiales disponibles. Los registros de nuestro sitio web no identifican a un visitante mediante su informaci\u00f3n personal, y no hacemos ning\u00fan intento de vincular otros sitios web con las personas que navegan por el sitio web del Estado.<\/p>\n\n<p>El art\u00edculo 11015.5. (a)(6) del C\u00f3digo de Gobierno proh\u00edbe a todos los organismos estatales distribuir o vender a terceros cualquier informaci\u00f3n personal recopilada de manera electr\u00f3nica, como se define anteriormente, sobre los usuarios sin el permiso de estos. El Estado no vende ning\u00fan tipo de &#8220;informaci\u00f3n personal recopilada de manera electr\u00f3nica&#8221;. Cualquier distribuci\u00f3n de la &#8220;informaci\u00f3n personal recopilada de manera electr\u00f3nica&#8221; ser\u00e1 \u00fanicamente para los fines para los que se nos proporcion\u00f3.<\/p>\n\n<p>El Estado puede proporcionar o distribuir determinadas listas e informes estad\u00edsticos de informaci\u00f3n reglamentaria seg\u00fan lo dispuesto por la ley, pero no se vende ni distribuye informaci\u00f3n personal, y todas las protecciones legales pertinentes siguen aplic\u00e1ndose a los sitios web del Estado.<\/p>\n\n<h3 class=\"wp-block-heading\" class=\"wp-block-heading\" id=\"que-ocurre-con-la-informacion-que-nos-envias\">\u00bfQu\u00e9 ocurre con la informaci\u00f3n que nos env\u00edas?<\/h3>\n\n<p>Si decides enviarnos informaci\u00f3n, esta se transmitir\u00e1 a trav\u00e9s de l\u00edneas seguras a nuestra base de datos departamental. Toda informaci\u00f3n privada solo se utilizar\u00e1 para los fines para los que se proporcion\u00f3 y no se divulgar\u00e1 a otras entidades, salvo en los casos previstos por la ley. Para m\u00e1s informaci\u00f3n, consulta nuestra Pol\u00edtica de privacidad.<\/p>\n\n<h3 class=\"wp-block-heading\" class=\"wp-block-heading\" id=\"encuestas\">Encuestas<\/h3>\n\n<p>Si durante tu visita al sitio web del Estado participas en una encuesta o env\u00edas un correo electr\u00f3nico, se recopilar\u00e1 la siguiente informaci\u00f3n adicional:<\/p>\n\n<p>1. La direcci\u00f3n de correo electr\u00f3nico y el contenido del mensaje; y<br\/>2. Informaci\u00f3n proporcionada de manera voluntaria en respuesta a la encuesta.<\/p>\n\n<p>La informaci\u00f3n recopilada no se limita a caracteres de texto y puede incluir formatos de audio, video e informaci\u00f3n gr\u00e1fica que nos env\u00edes.<\/p>\n\n<p>La informaci\u00f3n se conserva de conformidad con el art\u00edculo 11015.5. del C\u00f3digo de Gobierno.<\/p>\n\n<h3 class=\"wp-block-heading\" class=\"wp-block-heading\" id=\"si-nos-envias-un-correo-electronico\">Si nos env\u00edas un correo electr\u00f3nico<\/h3>\n\n<p>Puedes optar por proporcionarnos informaci\u00f3n personal, como en un correo electr\u00f3nico con un comentario o una pregunta. Usamos la informaci\u00f3n para mejorar el servicio que te prestamos o para responder a tu solicitud. A veces reenviamos tu correo electr\u00f3nico a otros empleados del Estado que pueden estar en mejor posici\u00f3n de ayudarte, y este personal puede estar empleado por un organismo diferente dentro del Estado. Excepto en el caso de investigaciones judiciales autorizadas o si as\u00ed lo exige la ley, no divulgamos nuestro correo electr\u00f3nico a ninguna otra organizaci\u00f3n.<\/p>\n\n<p>Usamos tu correo electr\u00f3nico para responderte de una manera conveniente. Esto puede implicar darte respuesta, para abordar problemas que identifiques, para seguir mejorando nuestro sitio web o para reenviar el correo electr\u00f3nico a otro organismo para que tome las medidas oportunas.<\/p>\n\n<h3 class=\"wp-block-heading\" class=\"wp-block-heading\" id=\"difusion-publica\">Difusi\u00f3n p\u00fablica<\/h3>\n\n<p>En el Estado de California, existen leyes que garantizan la transparencia de la administraci\u00f3n y el derecho del p\u00fablico a acceder a los registros y a la informaci\u00f3n en posesi\u00f3n del gobierno del Estado. Al mismo tiempo, existen excepciones al derecho del p\u00fablico a acceder a los registros p\u00fablicos. Estas excepciones responden a diversas necesidades, entre ellas el mantenimiento de la privacidad de las personas. Tanto las leyes estatales como las federales proporcionan excepciones.<\/p>\n\n<p>Toda la informaci\u00f3n recopilada en este sitio se convierte en registro p\u00fablico que puede ser sujeto a inspecci\u00f3n y copia por parte del p\u00fablico, a menos que exista una exenci\u00f3n en la ley. En caso de conflicto entre esta Pol\u00edtica de Uso y la Ley de Registros P\u00fablicos, la Ley de Pr\u00e1cticas de Informaci\u00f3n u otra ley que regule la divulgaci\u00f3n de registros, prevalecer\u00e1 la Ley de Registros P\u00fablicos, la Ley de Pr\u00e1cticas de Informaci\u00f3n u otra legislaci\u00f3n vigente.<\/p>\n\n<h3 class=\"wp-block-heading\" class=\"wp-block-heading\" id=\"recoleccion-automatica-de-informacion-cookies\">Recolecci\u00f3n autom\u00e1tica de informaci\u00f3n\/cookies<\/h3>\n\n<p>Cuando visitas un sitio web del Estado de California, debes saber que pueden crearse datos que vinculen tu computadora con un sitio web en concreto (una &#8220;cookie&#8221;). Las cookies temporales pueden utilizarse cuando sea necesario para completar una transacci\u00f3n, para procesar los datos que se nos env\u00edan en l\u00ednea, para facilitar una interacci\u00f3n continua en Internet o para comprender las tendencias de uso de los sitios web del Estado. Las cookies no comprometen tu privacidad ni tu seguridad. Mediante la configuraci\u00f3n del navegador web, puedes rechazar las cookies o eliminar el archivo de cookies de tu computadora utilizando cualquiera de los m\u00e9todos disponibles en todas partes.<\/p>\n\n<h3 class=\"wp-block-heading\" class=\"wp-block-heading\" id=\"seguridad\">Seguridad<\/h3>\n\n<p>El Estado, como desarrollador y gestor de este sitio web, ha tomado varias medidas para salvaguardar la integridad de su infraestructura inform\u00e1tica y de telecomunicaciones, entre las que se incluyen la autenticaci\u00f3n, la supervisi\u00f3n, la auditor\u00eda y el cifrado. En el dise\u00f1o, aplicaci\u00f3n y pr\u00e1cticas cotidianas de todo el entorno operativo del Estado, se integraron medidas de seguridad como parte de su compromiso permanente con la gesti\u00f3n de riesgos. Esta informaci\u00f3n no debe interpretarse en modo alguno como asesoramiento comercial, jur\u00eddico o de otro tipo, ni como garant\u00eda a prueba de error de la seguridad de la informaci\u00f3n proporcionada a trav\u00e9s del sitio web con el respaldo del Estado. El Departamento de Finanzas aplica las normas t\u00e9cnicas de seguridad.<\/p>\n\n<h3 class=\"wp-block-heading\" class=\"wp-block-heading\" id=\"enlaces-a-otros-sitios-web\">Enlaces a otros sitios web<\/h3>\n\n<p>Nuestro sitio web contiene enlaces a sitios que consideramos pueden serte \u00fatiles y que pueden prestarte servicios. Cuando te conectas a otro sitio, ya no est\u00e1s en nuestro sitio y quedas sujeto a la pol\u00edtica de privacidad del nuevo sitio.<\/p>\n\n<p>El Estado de California no acepta responsabilidad alguna por el contenido o la accesibilidad de los sitios web externos o los documentos externos a los que se enlaza en este sitio web.<\/p>\n\n<p>El Estado de California proporciona este sitio web y la informaci\u00f3n que contiene como un servicio p\u00fablico. Este sistema se supervisa para garantizar su correcto funcionamiento, verificar el funcionamiento de los dispositivos de seguridad aplicables y para fines similares. Toda persona que utilice este sistema da su consentimiento expreso a dicha vigilancia. Los intentos no autorizados de modificar cualquier tipo de informaci\u00f3n almacenada en este sistema, de anular o eludir las funciones de seguridad, o de utilizar este sistema para fines distintos de los previstos est\u00e1n prohibidos y pueden dar lugar a acciones penales.<\/p>\n\n<h3 class=\"wp-block-heading\" class=\"wp-block-heading\" id=\"limitacion-de-responsabilidad\">Limitaci\u00f3n de responsabilidad<\/h3>\n\n<p>El Estado intenta mantener la m\u00e1xima exactitud en los contenidos de su sitio web. Cualquier error u omisi\u00f3n debe comunicarse para su investigaci\u00f3n.<\/p>\n\n<p>El Estado no hace ninguna afirmaci\u00f3n, promesa o garant\u00eda sobre la total exactitud, integridad o adecuaci\u00f3n de los contenidos de este sitio web y declina expresamente toda responsabilidad por errores u omisiones en los contenidos de este sitio web. No se ofrece ning\u00fan tipo de garant\u00eda impl\u00edcita, expresa o legal, incluidas, entre otras, las garant\u00edas de no infracci\u00f3n de derechos de terceros, titularidad, comerciabilidad, idoneidad para un fin determinado y ausencia de virus inform\u00e1ticos, con respecto a los contenidos de este sitio web o sus hiperv\u00ednculos a otros recursos de Internet. Las referencias o enlaces en este sitio web a cualquier producto, proceso o servicio comercial espec\u00edfico, o el uso de cualquier nombre de marca, empresa o corporaci\u00f3n son para informaci\u00f3n y conveniencia del p\u00fablico, y no constituyen respaldo, recomendaci\u00f3n o favoritismo por parte del Estado de California, ni de sus empleados o agentes.<\/p>\n\n<p>Esta Pol\u00edtica de uso est\u00e1 sujeta a cambios sin previo aviso.<\/p>\n\n<h3 class=\"wp-block-heading\" class=\"wp-block-heading\" id=\"propiedad\">Propiedad<\/h3>\n\n<p>En general, la informaci\u00f3n presentada en este sitio web, salvo que se indique lo contrario, se considera de dominio p\u00fablico. Puede distribuirse o copiarse seg\u00fan lo permita la ley. Sin embargo, el Estado hace uso de datos protegidos por derechos de autor (por ejemplo, fotograf\u00edas) que pueden requerir permisos adicionales antes de que los utilices. Para usar cualquier tipo de informaci\u00f3n de este sitio web que no sea propiedad o no haya sido creada por el Estado, debes solicitar permiso directamente a los propietarios (o titulares). El Estado tendr\u00e1 el derecho ilimitado de utilizar para cualquier fin, sin cargo alguno, toda la informaci\u00f3n enviada a trav\u00e9s de este sitio, excepto las propuestas hechas en virtud de un contrato legal independiente. El Estado tendr\u00e1 la libertad de utilizar, para cualquier fin, las ideas, conceptos o t\u00e9cnicas contenidos en la informaci\u00f3n proporcionada a trav\u00e9s de este sitio.<\/p>\n","protected":false},"excerpt":{"rendered":"<p>Pol\u00edtica de uso Gracias por visitar el sitio web del Estado de California y revisar nuestra Pol\u00edtica de uso. De igual manera, debes saber que el Estado cuenta con una Pol\u00edtica de privacidad, tambi\u00e9n disponible en este sitio web. El Estado desea que conozcas sobre la recopilaci\u00f3n, el uso, la seguridad y el acceso a &hellip; <a href=\"https:\/\/real.cannabis.ca.gov\/es\/condiciones-de-uso\/\">Continued<\/a><\/p>\n","protected":false},"author":1,"featured_media":0,"parent":0,"menu_order":0,"comment_status":"closed","ping_status":"closed","template":"templates\/template-narrow.blade.php","meta":{"_acf_changed":false,"inline_featured_image":false,"footnotes":""},"class_list":["post-17967","page","type-page","status-publish","hentry"],"acf":[],"_links":{"self":[{"href":"https:\/\/real.cannabis.ca.gov\/es\/wp-json\/wp\/v2\/pages\/17967","targetHints":{"allow":["GET"]}}],"collection":[{"href":"https:\/\/real.cannabis.ca.gov\/es\/wp-json\/wp\/v2\/pages"}],"about":[{"href":"https:\/\/real.cannabis.ca.gov\/es\/wp-json\/wp\/v2\/types\/page"}],"author":[{"embeddable":true,"href":"https:\/\/real.cannabis.ca.gov\/es\/wp-json\/wp\/v2\/users\/1"}],"replies":[{"embeddable":true,"href":"https:\/\/real.cannabis.ca.gov\/es\/wp-json\/wp\/v2\/comments?post=17967"}],"version-history":[{"count":9,"href":"https:\/\/real.cannabis.ca.gov\/es\/wp-json\/wp\/v2\/pages\/17967\/revisions"}],"predecessor-version":[{"id":20388,"href":"https:\/\/real.cannabis.ca.gov\/es\/wp-json\/wp\/v2\/pages\/17967\/revisions\/20388"}],"wp:attachment":[{"href":"https:\/\/real.cannabis.ca.gov\/es\/wp-json\/wp\/v2\/media?parent=17967"}],"curies":[{"name":"wp","href":"https:\/\/api.w.org\/{rel}","templated":true}]}}