{"id":17961,"date":"2023-08-14T23:45:59","date_gmt":"2023-08-15T06:45:59","guid":{"rendered":"https:\/\/real.cannabis.ca.gov\/privacy-policy\/"},"modified":"2024-08-05T16:33:57","modified_gmt":"2024-08-05T23:33:57","slug":"politica-de-privacidad","status":"publish","type":"page","link":"https:\/\/real.cannabis.ca.gov\/es\/politica-de-privacidad\/","title":{"rendered":"Pol\u00edtica de privacidad"},"content":{"rendered":"\n<p>Fecha de vigencia: 14\/6\/2023<\/p>\n\n<h2 class=\"wp-block-heading\" class=\"wp-block-heading\" id=\"descripcion-general\">Descripci\u00f3n general<\/h2>\n\n<p>El Departamento de Control del Cannabis de California (Departamento o DCC) se compromete a promover y proteger los derechos de privacidad de las personas, como se enumera en el Art\u00edculo 1, apartado 1, de la Constituci\u00f3n de California, la Ley de Pr\u00e1cticas de Informaci\u00f3n (IPA, por sus siglas en ingl\u00e9s) de 1977 y otras leyes de privacidad estatales y federales.<\/p>\n\n<p>Es pol\u00edtica del DCC limitar la recopilaci\u00f3n de informaci\u00f3n personal y proteger la privacidad de las personas cuya informaci\u00f3n personal es recopilada y conservada por el Departamento. Las pr\u00e1cticas de manejo de la informaci\u00f3n del DCC cumplen con los requisitos de la Ley de Pr\u00e1cticas de Informaci\u00f3n (C\u00f3d. Civil, \u00a7 <a href=\"https:\/\/leginfo.legislature.ca.gov\/faces\/codes_displayexpandedbranch.xhtml?tocCode=CIV&amp;division=3.&amp;title=1.8.&amp;part=4.&amp;chapter=1.&amp;article=\" target=\"_blank\" rel=\"noreferrer noopener\">1798 y siguientes<\/a>), la Ley de Registro P\u00fablico (PRA, C\u00f3digo de Gob., \u00a7 7920.000 y siguientes), apartados del C\u00f3digo de Gobierno <a href=\"https:\/\/leginfo.legislature.ca.gov\/faces\/codes_displaySection.xhtml?lawCode=GOV&amp;sectionNum=11015.5.\" target=\"_blank\" rel=\"noreferrer noopener\">11015.5<\/a> y <a href=\"https:\/\/leginfo.legislature.ca.gov\/faces\/codes_displaySection.xhtml?lawCode=GOV&amp;sectionNum=11019.9.\" target=\"_blank\" rel=\"noreferrer noopener\">11019.9<\/a>, y otras leyes aplicables en materia de privacidad de la informaci\u00f3n.<\/p>\n\n<p>Las personas tienen derecho a preguntar qu\u00e9 tipo de informaci\u00f3n recopila el DCC y c\u00f3mo se utiliza dicha informaci\u00f3n. Las personas tienen derecho a acceder a su informaci\u00f3n y pueden solicitar por escrito la correcci\u00f3n de cualquier imprecisi\u00f3n. (C\u00f3d. Civil, \u00a7 1798.35.) Las personas tienen derecho a que el DCC elimine cualquier informaci\u00f3n personal recopilada electr\u00f3nicamente, sin reutilizarla ni distribuirla.<\/p>\n\n<p>La informaci\u00f3n personal no se divulgar\u00e1, pondr\u00e1 a disposici\u00f3n ni utilizar\u00e1 para fines distintos de los especificados en el momento de su obtenci\u00f3n, salvo con el consentimiento del titular de los datos o seg\u00fan lo autorice la ley o la normativa. La informaci\u00f3n personal recopilada electr\u00f3nicamente, como se define en el p\u00e1rrafo (d) del apartado 11015.5 del C\u00f3digo del Gobierno, est\u00e1 exenta de las solicitudes realizadas en virtud de la Ley de Registros P\u00fablicos.<\/p>\n\n<h3 class=\"wp-block-heading\" class=\"wp-block-heading\" id=\"que-hacemos-con-la-informacion-recopilada\">\u00bfQu\u00e9 hacemos con la informaci\u00f3n recopilada?<\/h3>\n\n<p>La informaci\u00f3n que recopila o almacena el Departamento autom\u00e1ticamente se utiliza para mejorar el contenido de nuestros servicios web y para ayudarnos a comprender c\u00f3mo las personas usan nuestros servicios. Esta informaci\u00f3n no identifica de manera personal a ning\u00fan individuo y se utiliza para recopilar estad\u00edsticas del sitio web.<\/p>\n\n<p>La informaci\u00f3n que nos proporcionas para solicitudes espec\u00edficas se utiliza para ayudarnos a mejorar nuestro sitio web y para procesar tus solicitudes en l\u00ednea. El DCC no distribuye ni vende a terceros ning\u00fan tipo de informaci\u00f3n personal sobre los usuarios recopilada electr\u00f3nicamente sin el permiso previo por escrito del usuario, salvo lo dispuesto en el apartado 11015.5, p\u00e1rrafo (b) del C\u00f3digo de Gobierno. El DCC debe actuar de manera coherente con las normas y limitaciones adoptadas de conformidad con la PRA o la IPA y puede exigirse que cumpla con citaciones emitidas legalmente y solicitudes judiciales de informaci\u00f3n.<\/p>\n\n<h3 class=\"wp-block-heading\" class=\"wp-block-heading\" id=\"cookies\">Cookies<\/h3>\n\n<p>Cada vez que visites un sitio web, es posible que se env\u00ede a tu computadora un peque\u00f1o fragmento de informaci\u00f3n denominado &#8220;cookie&#8221;. El objetivo principal de una cookie es identificar y personalizar las p\u00e1ginas web para ti. El DCC utiliza cookies de seguimiento de Google Analytics con fines estad\u00edsticos para determinar la utilidad de la informaci\u00f3n que te ofrecemos. Puedes elegir que Google Analytics no use tus datos descargando el <a href=\"https:\/\/tools.google.com\/dlpage\/gaoptout\" target=\"_blank\" rel=\"noreferrer noopener\">complemento de exclusi\u00f3n para navegadores<\/a>. La selecci\u00f3n de la opci\u00f3n de exclusi\u00f3n no interferir\u00e1 en el uso que hagas del sitio web.<\/p>\n\n<p>En este sitio web, puede colocarse una cookie temporal en tu computadora que registra autom\u00e1ticamente la siguiente informaci\u00f3n:<\/p>\n\n<p>&#8211; Fecha y hora de la visita al sitio web del DCC<br\/>&#8211; Nombre y versi\u00f3n del navegador utilizado para acceder al sitio web del DCC<br\/>&#8211; Direcci\u00f3n del protocolo de Internet de la computadora<br\/>&#8211; P\u00e1ginas web solicitadas<br\/>&#8211; Sitio web o plataforma de redes sociales de derivaci\u00f3n<br\/>&#8211; Formularios o documentos descargados<\/p>\n\n<p>Puedes evitar que se instalen cookies en tu computadora accediendo al men\u00fa de preferencias de tu navegador y eliminando las cookies existentes. Tambi\u00e9n existen programas comerciales que te ayudar\u00e1n a gestionar las cookies. Antes de tomar estas medidas, debes saber que algunos sitios web pueden no funcionar correctamente si decides bloquear la instalaci\u00f3n de cookies en tu computadora. Tendr\u00e1s que decidir si habilitar las cookies compensa los problemas de privacidad.<\/p>\n\n<h3 class=\"wp-block-heading\" class=\"wp-block-heading\" id=\"informacion-que-reune-el-dcc-para-solicitudes-especificas\">Informaci\u00f3n que re\u00fane el DCC para solicitudes espec\u00edficas<\/h3>\n\n<h3 class=\"wp-block-heading\" class=\"wp-block-heading\" id=\"para-la-proteccion-de-tu-privacidad\">Para la protecci\u00f3n de tu privacidad<\/h3>\n\n<p>Requerimos la informaci\u00f3n que se indica a continuaci\u00f3n para responder a tu solicitud:<\/p>\n\n<p><strong>INFORMACI\u00d3N Y USO<\/strong><\/p>\n<div class=\"wp-block-list\">\n<ul class=\"wp-block-list\">\n<li>Suscribirse a nuestro bolet\u00edn electr\u00f3nico: Usamos la informaci\u00f3n que nos entregas, incluido tu nombre, apellidos y direcci\u00f3n de correo electr\u00f3nico, para enviarte actualizaciones por correo electr\u00f3nico y boletines informativos del DCC.<\/li>\n\n\n\n<li>Inscribirse a una clase o conferencia: Registraremos tu nombre completo y direcci\u00f3n de correo electr\u00f3nico para reservarte una plaza en una de nuestras pr\u00f3ximas clases o conferencias. Despu\u00e9s, se te enviar\u00e1 un certificado de finalizaci\u00f3n de nuestras clases a tu direcci\u00f3n de correo electr\u00f3nico.<\/li>\n\n\n\n<li>Correo electr\u00f3nico (por ejemplo, administrador web, licencia o preguntas t\u00e9cnicas): Utilizamos tu nombre, direcci\u00f3n de correo electr\u00f3nico y (si se proporciona) n\u00famero de tel\u00e9fono para responder a tu solicitud.<\/li>\n\n\n\n<li>Servicios en l\u00ednea: Para utilizar nuestros servicios interactivos en l\u00ednea, deber\u00e1s proporcionarnos informaci\u00f3n personal. La recopilaci\u00f3n de esta informaci\u00f3n es necesaria para prestar los servicios espec\u00edficos, pero su uso es voluntario. Esta informaci\u00f3n puede incluir, entre otras cosas: Tu n\u00famero de seguridad social, de identificaci\u00f3n comercial o de identificaci\u00f3n profesional fiscal; informaci\u00f3n de una declaraci\u00f3n de impuestos de California presentada anteriormente, como se present\u00f3 originalmente; tu informaci\u00f3n de contacto, como tu apellido, direcci\u00f3n, n\u00famero de tel\u00e9fono y direcci\u00f3n de correo electr\u00f3nico.<\/li>\n<\/ul>\n<\/div>\n<p>El DCC asegura toda la informaci\u00f3n personal contra p\u00e9rdida, da\u00f1o, modificaci\u00f3n, acceso no autorizado o divulgaci\u00f3n, seg\u00fan lo requerido por las leyes federales y estatales y la pol\u00edtica del Manual Administrativo del Estado. La informaci\u00f3n que nos proporcionas de manera voluntaria estar\u00e1 protegida por los controles t\u00e9cnicos adecuados de seguridad inform\u00e1tica, de red y de Internet a nivel de empleado y de departamento para impedir accesos no autorizados. Algunos de estos controles de seguridad son: verificaci\u00f3n de contrase\u00f1as e identificaci\u00f3n de usuarios, encriptaci\u00f3n de datos, transmisiones confidenciales, zonas de almacenamiento seguras y pistas de auditor\u00eda.<\/p>\n\n<p>Cualquier informaci\u00f3n que el DCC pueda adquirir, incluida la informaci\u00f3n recopilada en nuestro sitio web, se podr\u00e1 divulgar seg\u00fan lo dispuesto en la Ley de Pr\u00e1cticas de Informaci\u00f3n de 1977 (vea el <a href=\"https:\/\/leginfo.legislature.ca.gov\/faces\/codes_displayexpandedbranch.xhtml?tocCode=CIV&amp;division=3.&amp;title=1.8.&amp;part=4.&amp;chapter=1.&amp;article=\" target=\"_blank\" rel=\"noreferrer noopener\">art\u00edculo 1798 del C\u00f3digo Civil<\/a>).<\/p>\n\n<p>Para obtener m\u00e1s informaci\u00f3n sobre c\u00f3mo puedes proteger tu privacidad, visita la p\u00e1gina de Cumplimiento y Protecci\u00f3n de la Privacidad en el sitio web de la Fiscal\u00eda General.<\/p>\n\n<h3 class=\"wp-block-heading\" class=\"wp-block-heading\" id=\"enlaces-a-otros-sitios-web\">Enlaces a otros sitios web.<\/h3>\n\n<p>Nuestro sitio web incluye enlaces a otros sitios web. El DCC proporciona estos enlaces como una comodidad para el usuario. Lee la pol\u00edtica de privacidad de cualquier sitio web que recopile tus datos personales. Estos sitios web y sus pol\u00edticas de privacidad son independientes de esta pol\u00edtica y no est\u00e1n bajo nuestro control.<\/p>\n\n<h3 class=\"wp-block-heading\" class=\"wp-block-heading\" id=\"notificacion-de-cambios\">Notificaci\u00f3n de cambios<\/h3>\n\n<p>El DCC puede modificar esta pol\u00edtica de privacidad en cualquier momento. Publicaremos en un lugar destacado cualquier modificaci\u00f3n a esta pol\u00edtica en nuestro sitio web 30 d\u00edas previos a su aplicaci\u00f3n.<\/p>\n\n<h3 class=\"wp-block-heading\" class=\"wp-block-heading\" id=\"si-tienes-alguna-pregunta-o-duda-sobre-esta-politica\">Si tienes alguna pregunta o duda sobre esta pol\u00edtica<\/h3>\n\n<p>Comun\u00edcate con el servicio de asistencia principal del DCC en <a href=\"http:\/\/info@cannabis.ca.gov.\/\" target=\"_blank\" rel=\"noreferrer noopener\">info@cannabis.ca.gov.<\/a><\/p>\n","protected":false},"excerpt":{"rendered":"<p>Fecha de vigencia: 14\/6\/2023 Descripci\u00f3n general El Departamento de Control del Cannabis de California (Departamento o DCC) se compromete a promover y proteger los derechos de privacidad de las personas, como se enumera en el Art\u00edculo 1, apartado 1, de la Constituci\u00f3n de California, la Ley de Pr\u00e1cticas de Informaci\u00f3n (IPA, por sus siglas en &hellip; <a href=\"https:\/\/real.cannabis.ca.gov\/es\/politica-de-privacidad\/\">Continued<\/a><\/p>\n","protected":false},"author":1,"featured_media":0,"parent":0,"menu_order":0,"comment_status":"closed","ping_status":"open","template":"templates\/template-narrow.blade.php","meta":{"_acf_changed":false,"inline_featured_image":false,"footnotes":""},"class_list":["post-17961","page","type-page","status-publish","hentry"],"acf":[],"_links":{"self":[{"href":"https:\/\/real.cannabis.ca.gov\/es\/wp-json\/wp\/v2\/pages\/17961","targetHints":{"allow":["GET"]}}],"collection":[{"href":"https:\/\/real.cannabis.ca.gov\/es\/wp-json\/wp\/v2\/pages"}],"about":[{"href":"https:\/\/real.cannabis.ca.gov\/es\/wp-json\/wp\/v2\/types\/page"}],"author":[{"embeddable":true,"href":"https:\/\/real.cannabis.ca.gov\/es\/wp-json\/wp\/v2\/users\/1"}],"replies":[{"embeddable":true,"href":"https:\/\/real.cannabis.ca.gov\/es\/wp-json\/wp\/v2\/comments?post=17961"}],"version-history":[{"count":10,"href":"https:\/\/real.cannabis.ca.gov\/es\/wp-json\/wp\/v2\/pages\/17961\/revisions"}],"predecessor-version":[{"id":20387,"href":"https:\/\/real.cannabis.ca.gov\/es\/wp-json\/wp\/v2\/pages\/17961\/revisions\/20387"}],"wp:attachment":[{"href":"https:\/\/real.cannabis.ca.gov\/es\/wp-json\/wp\/v2\/media?parent=17961"}],"curies":[{"name":"wp","href":"https:\/\/api.w.org\/{rel}","templated":true}]}}